{"id":95,"date":"2024-03-03T21:18:52","date_gmt":"2024-03-03T21:18:52","guid":{"rendered":"https:\/\/www.bidebarri.org\/2024lzi\/?page_id=95"},"modified":"2024-06-19T09:19:27","modified_gmt":"2024-06-19T09:19:27","slug":"95-2","status":"publish","type":"page","link":"https:\/\/www.bidebarri.org\/2024lzi\/95-2\/","title":{"rendered":"Quienes Somos"},"content":{"rendered":"<p>[et_pb_section fb_built=\u00bb1&#8243; fullwidth=\u00bbon\u00bb _builder_version=\u00bb4.24.0&#8243; _module_preset=\u00bbdefault\u00bb collapsed=\u00bboff\u00bb global_colors_info=\u00bb{}\u00bb][et_pb_fullwidth_slider _builder_version=\u00bb4.24.0&#8243; _module_preset=\u00bbdefault\u00bb background_enable_image=\u00bboff\u00bb height=\u00bb253px\u00bb custom_margin=\u00bb||44px|||\u00bb custom_padding=\u00bb||150px|||\u00bb global_colors_info=\u00bb{}\u00bb][et_pb_slide _builder_version=\u00bb4.24.0&#8243; _module_preset=\u00bbdefault\u00bb background_image=\u00bbhttp:\/\/www.bidebarri.org\/2024lzi\/wp-content\/uploads\/2024\/02\/banners_vending.jpg\u00bb background_enable_image=\u00bbon\u00bb global_colors_info=\u00bb{}\u00bb sticky_transition=\u00bbon\u00bb][\/et_pb_slide][et_pb_slide _builder_version=\u00bb4.24.0&#8243; _module_preset=\u00bbdefault\u00bb background_image=\u00bbhttp:\/\/www.bidebarri.org\/2024lzi\/wp-content\/uploads\/2024\/02\/banners_quienes_somos.jpg\u00bb background_enable_image=\u00bbon\u00bb global_colors_info=\u00bb{}\u00bb sticky_transition=\u00bbon\u00bb][\/et_pb_slide][et_pb_slide _builder_version=\u00bb4.24.0&#8243; _module_preset=\u00bbdefault\u00bb background_image=\u00bbhttp:\/\/www.bidebarri.org\/2024lzi\/wp-content\/uploads\/2024\/02\/banners_filosofia.jpg\u00bb background_enable_image=\u00bbon\u00bb global_colors_info=\u00bb{}\u00bb sticky_transition=\u00bbon\u00bb][\/et_pb_slide][et_pb_slide _builder_version=\u00bb4.24.0&#8243; _module_preset=\u00bbdefault\u00bb background_image=\u00bbhttp:\/\/www.bidebarri.org\/2024lzi\/wp-content\/uploads\/2024\/02\/banners_limpieza.jpg\u00bb background_enable_image=\u00bbon\u00bb global_colors_info=\u00bb{}\u00bb sticky_transition=\u00bbon\u00bb][\/et_pb_slide][et_pb_slide _builder_version=\u00bb4.24.0&#8243; _module_preset=\u00bbdefault\u00bb background_image=\u00bbhttp:\/\/www.bidebarri.org\/2024lzi\/wp-content\/uploads\/2024\/02\/banner_nuestrosserv.jpg\u00bb background_enable_image=\u00bbon\u00bb global_colors_info=\u00bb{}\u00bb sticky_transition=\u00bbon\u00bb][\/et_pb_slide][et_pb_slide _builder_version=\u00bb4.24.0&#8243; _module_preset=\u00bbdefault\u00bb background_image=\u00bbhttp:\/\/www.bidebarri.org\/2024lzi\/wp-content\/uploads\/2024\/02\/banner_blog.jpg\u00bb background_enable_image=\u00bbon\u00bb global_colors_info=\u00bb{}\u00bb sticky_transition=\u00bbon\u00bb][\/et_pb_slide][et_pb_slide _builder_version=\u00bb4.24.0&#8243; _module_preset=\u00bbdefault\u00bb background_image=\u00bbhttp:\/\/www.bidebarri.org\/2024lzi\/wp-content\/uploads\/2024\/02\/banner_contacto.jpg\u00bb background_enable_image=\u00bbon\u00bb global_colors_info=\u00bb{}\u00bb sticky_transition=\u00bbon\u00bb][\/et_pb_slide][\/et_pb_fullwidth_slider][\/et_pb_section][et_pb_section fb_built=\u00bb1&#8243; _builder_version=\u00bb4.24.0&#8243; _module_preset=\u00bbdefault\u00bb global_colors_info=\u00bb{}\u00bb][et_pb_row _builder_version=\u00bb4.24.0&#8243; _module_preset=\u00bbdefault\u00bb global_colors_info=\u00bb{}\u00bb][et_pb_column type=\u00bb4_4&#8243; _builder_version=\u00bb4.24.0&#8243; _module_preset=\u00bbdefault\u00bb global_colors_info=\u00bb{}\u00bb][et_pb_text _builder_version=\u00bb4.25.1&#8243; _module_preset=\u00bbdefault\u00bb hover_enabled=\u00bb0&#8243; global_colors_info=\u00bb{}\u00bb sticky_enabled=\u00bb0&#8243;]<\/p>\n<p>Bidebarri se cre\u00f3 en 1996 a trav\u00e9s del Ayuntamiento de O\u00f1ati y C\u00e1ritas con el objeto de dar empleo a personas que tuvieran alg\u00fan tipo de discapacidad y\/o se encontrasen en el programa IMI (Ingresos M\u00ednimos de Inserci\u00f3n).<\/p>\n<p>&nbsp;<\/p>\n<div class=\"blockquote\">\n<h4 style=\"text-align: center;\"><em>La finalidad de Bidebarri es la de mejorar la situaci\u00f3n socio-personal de personas en riesgo de exclusi\u00f3n.<\/em><\/h4>\n<p><em><\/em><\/p>\n<p><em><\/em><\/p>\n<p><em><\/em><\/p>\n<\/div>\n<p>La finalidad de Bidebarri es la de mejorar la situaci\u00f3n socio-personal de personas que se encuentren en riesgo de exclusi\u00f3n. Las cuales, en su gran mayor\u00eda, son derivadas de Lanbide, C\u00e1ritas y Servicios Sociales de Base.<\/p>\n<p>Para ello contamos con distintas actividades econ\u00f3micas:<\/p>\n<ul>\n<li>Servicio de Vending<\/li>\n<li>Servicio de Limpieza<\/li>\n<li>Otras actividades como repartos diversos, repartos de comida a domicilio, servicios diversos para la industria,\u2026<\/li>\n<\/ul>\n<p>[\/et_pb_text][\/et_pb_column][\/et_pb_row][\/et_pb_section]<\/p>\n","protected":false},"excerpt":{"rendered":"<p>Bidebarri se cre\u00f3 en 1996 a trav\u00e9s del Ayuntamiento de O\u00f1ati y C\u00e1ritas con el objeto de dar empleo a personas que tuvieran alg\u00fan tipo de discapacidad y\/o se encontrasen en el programa IMI (Ingresos M\u00ednimos de Inserci\u00f3n). &nbsp; La finalidad de Bidebarri es la de mejorar la situaci\u00f3n socio-personal de personas en riesgo de [&hellip;]<\/p>\n","protected":false},"author":1,"featured_media":0,"parent":0,"menu_order":0,"comment_status":"closed","ping_status":"closed","template":"","meta":{"_et_pb_use_builder":"on","_et_pb_old_content":"","_et_gb_content_width":"","footnotes":""},"class_list":["post-95","page","type-page","status-publish","hentry"],"_links":{"self":[{"href":"https:\/\/www.bidebarri.org\/2024lzi\/wp-json\/wp\/v2\/pages\/95","targetHints":{"allow":["GET"]}}],"collection":[{"href":"https:\/\/www.bidebarri.org\/2024lzi\/wp-json\/wp\/v2\/pages"}],"about":[{"href":"https:\/\/www.bidebarri.org\/2024lzi\/wp-json\/wp\/v2\/types\/page"}],"author":[{"embeddable":true,"href":"https:\/\/www.bidebarri.org\/2024lzi\/wp-json\/wp\/v2\/users\/1"}],"replies":[{"embeddable":true,"href":"https:\/\/www.bidebarri.org\/2024lzi\/wp-json\/wp\/v2\/comments?post=95"}],"version-history":[{"count":4,"href":"https:\/\/www.bidebarri.org\/2024lzi\/wp-json\/wp\/v2\/pages\/95\/revisions"}],"predecessor-version":[{"id":174,"href":"https:\/\/www.bidebarri.org\/2024lzi\/wp-json\/wp\/v2\/pages\/95\/revisions\/174"}],"wp:attachment":[{"href":"https:\/\/www.bidebarri.org\/2024lzi\/wp-json\/wp\/v2\/media?parent=95"}],"curies":[{"name":"wp","href":"https:\/\/api.w.org\/{rel}","templated":true}]}}